{"id":3224,"date":"2025-07-21T00:09:01","date_gmt":"2025-07-20T22:09:01","guid":{"rendered":"https:\/\/riyathaimassage.ch\/datenschutzerklaerung\/"},"modified":"2025-07-21T16:07:13","modified_gmt":"2025-07-21T14:07:13","slug":"datenschutzerklaerung","status":"publish","type":"page","link":"https:\/\/riyathaimassage.ch\/de\/datenschutzerklaerung\/","title":{"rendered":"Datenschutzerkl\u00e4rung"},"content":{"rendered":"\n<div class=\"wp-block-uagb-container uagb-block-a6b158bc alignfull uagb-is-root-container\"><div class=\"uagb-container-inner-blocks-wrap\">\n<div class=\"wp-block-uagb-info-box uagb-block-7aa38b7e uagb-infobox__content-wrap  uagb-infobox-icon-above-title uagb-infobox-image-valign-top wp-block-uagb-info-box--has-margin\"><div class=\"uagb-infobox-margin-wrapper\"><div class=\"uagb-ifb-content\"><div class=\"uagb-ifb-title-wrap\"><h6 class=\"uagb-ifb-title-prefix\">DATUM DES INKRAFTTRETENS: AUGUST 11 , 2025<\/h6><h1 class=\"uagb-ifb-title\">Datenschutzerkl\u00e4rung<\/h1><\/div><\/div><\/div><\/div>\n<\/div><\/div>\n\n<div class=\"wp-block-uagb-container uagb-block-e213b380 alignfull uagb-is-root-container\"><div class=\"uagb-container-inner-blocks-wrap\">\n<h3 class=\"wp-block-heading\">1. Einf\u00fchrung<\/h3>\n\n\n\n<p>Riya Thai Massage by Kusnirik (&#8222;wir&#8220;, &#8222;unser&#8220; oder &#8222;uns&#8220;) verpflichtet sich, Ihre Privatsph\u00e4re zu sch\u00fctzen. In dieser Datenschutzerkl\u00e4rung wird erl\u00e4utert, wie wir Ihre Daten erfassen, verwenden, weitergeben und sch\u00fctzen, wenn Sie unsere Website RiyaThaiMassage.ch besuchen oder unsere Dienstleistungen nutzen. <\/p>\n\n\n\n<hr class=\"wp-block-separator has-alpha-channel-opacity\"\/>\n\n\n\n<h3 class=\"wp-block-heading\">1.1 Rechtsgrundlage und anwendbares Recht<\/h3>\n\n\n\n<p>Riya Thai Massage by Kusnirik h\u00e4lt sich an das schweizerische Bundesgesetz \u00fcber den Datenschutz (DSG), das regelt, wie personenbezogene Daten in der Schweiz erhoben, gespeichert und verarbeitet werden.<\/p>\n\n\n\n<p>Gegebenenfalls ber\u00fccksichtigen wir auch die wichtigsten Grunds\u00e4tze der Allgemeinen Datenschutzverordnung der Europ\u00e4ischen Union (GDPR), insbesondere in Bezug auf Transparenz, Nutzerrechte und internationale Datenverarbeitung.<br\/>Unsere prim\u00e4re Aufsichtsbeh\u00f6rde ist der Eidgen\u00f6ssische Datenschutz- und \u00d6ffentlichkeitsbeauftragte (ED\u00d6B).<\/p>\n\n\n\n<hr class=\"wp-block-separator has-alpha-channel-opacity\"\/>\n\n\n\n<h3 class=\"wp-block-heading\">2. Informationen, die wir sammeln<\/h3>\n\n\n\n<p><strong>Pers\u00f6nliche Daten<\/strong><br\/>&#8211; Name, E-Mail-Adresse, Telefonnummer<br\/>&#8211; Details zur Terminbuchung und Pr\u00e4ferenzen<br\/>&#8211; Gesundheitsinformationen, die f\u00fcr die Massagetherapie relevant sind (mit Ihrer Zustimmung)<\/p>\n\n\n\n<p><strong>Zahlungsinformationen<\/strong><br\/>&#8211; Nur pers\u00f6nlich abgewickelte Zahlungen (keine Online-Zahlungsabwicklung)<br\/>&#8211; Transaktionsdatens\u00e4tze f\u00fcr Bargeld-, SumUp-Karten- und TWINT-Zahlungen<\/p>\n\n\n\n<p><strong>Technische Informationen<\/strong><br\/>&#8211; IP-Adresse, Browsertyp und Ger\u00e4teinformationen<br\/>&#8211; Nutzungsdaten der Website durch Cookies und Analysen<br\/>&#8211; Interaktionsdaten des Buchungssystems<\/p>\n\n\n\n<hr class=\"wp-block-separator has-alpha-channel-opacity\"\/>\n\n\n\n<h3 class=\"wp-block-heading\">3. Wie wir Ihre Informationen verwenden<\/h3>\n\n\n\n<p>&#8211; Um unsere Massagedienstleistungen anzubieten und zu verbessern<br\/>&#8211; Um Buchungen und Zahlungen zu verarbeiten<br\/>&#8211; Um Terminbest\u00e4tigungen und -erinnerungen zu versenden<br\/>&#8211; Um rechtlichen Verpflichtungen nachzukommen<br\/>&#8211; Um unsere Website und die Benutzerfreundlichkeit zu verbessern<\/p>\n\n\n\n<hr class=\"wp-block-separator has-alpha-channel-opacity\"\/>\n\n\n\n<h3 class=\"wp-block-heading\">4. Gemeinsame Nutzung und Offenlegung von Daten<\/h3>\n\n\n\n<p>Wir verkaufen oder vermieten Ihre pers\u00f6nlichen Daten nicht. Buchungs- und Kundendaten werden lokal auf unserem sicheren Server in der Schweiz\/EU gespeichert und werden standardm\u00e4\u00dfig nicht an Dritte weitergegeben. <\/p>\n\n\n\n<p>Wir k\u00f6nnen begrenzte Daten nur dann weitergeben, wenn dies notwendig ist, um:<br\/>&#8211; Ihren Termin \u00fcber unser internes Buchungssystem zu best\u00e4tigen oder zu verwalten<br\/>&#8211; gesetzliche Verpflichtungen nach Schweizer Recht zu erf\u00fcllen<br\/>&#8211; unsere Gesch\u00e4ftsabl\u00e4ufe und die Sicherheit unserer Kunden zu sch\u00fctzen<\/p>\n\n\n\n<p>Wenn Sie optionale Integrationen nutzen (z. B. Kalendersynchronisierung, E-Mail-Erinnerungen oder Apps von Drittanbietern), werden nur die minimal erforderlichen Daten \u00fcbertragen, um diese Funktion zu aktivieren &#8211; und nur mit Ihrer ausdr\u00fccklichen Zustimmung.<\/p>\n\n\n\n<p>Unser System enth\u00e4lt auch eine optionale anonyme Analyseeinstellung f\u00fcr die Plugin-Leistung. Diese enth\u00e4lt keine pers\u00f6nlichen oder buchungsbezogenen Informationen und kann jederzeit deaktiviert werden. <\/p>\n\n\n\n<hr class=\"wp-block-separator has-alpha-channel-opacity\"\/>\n\n\n\n<h3 class=\"wp-block-heading\">5. Datensicherheit<\/h3>\n\n\n\n<p>Wir setzen angemessene technische und organisatorische Ma\u00dfnahmen ein, um Ihre pers\u00f6nlichen Daten vor unbefugtem Zugriff, Ver\u00e4nderung, Weitergabe oder Zerst\u00f6rung zu sch\u00fctzen.<\/p>\n\n\n\n<p>Alle Website-Daten werden \u00fcber sichere HTTPS-Verbindungen \u00fcbertragen und auf vertrauensw\u00fcrdigen Servern gespeichert.<\/p>\n\n\n\n<hr class=\"wp-block-separator has-alpha-channel-opacity\"\/>\n\n\n\n<h3 class=\"wp-block-heading\">6. Ihre Rechte (gem\u00e4\u00df Schweizer Datenschutzgesetz)<\/h3>\n\n\n\n<p>Sie haben folgende Rechte:<br\/>&#8211; Recht auf Zugang zu Ihren personenbezogenen Daten<br\/>&#8211; Recht auf Berichtigung unrichtiger Daten<br\/>&#8211; Recht auf L\u00f6schung (&#8222;Recht auf Vergessenwerden&#8220;)<br\/>&#8211; Recht auf Daten\u00fcbertragbarkeit<br\/>&#8211; Recht auf Widerspruch gegen bestimmte Arten der Verarbeitung<br\/>&#8211; Recht auf jederzeitigen Widerruf der Einwilligung<\/p>\n\n\n\n<p>Wenn Sie eines dieser Rechte aus\u00fcben m\u00f6chten, kontaktieren Sie uns unter den unten angegebenen Kontaktdaten.<\/p>\n\n\n\n<hr class=\"wp-block-separator has-alpha-channel-opacity\"\/>\n\n\n\n<h3 class=\"wp-block-heading\">7. Cookies<\/h3>\n\n\n\n<p>Unsere Website verwendet Cookies, um Ihr Benutzererlebnis zu verbessern. Dazu geh\u00f6ren:<br\/>&#8211; Session-Cookies f\u00fcr Buchungsinteraktionen<br\/>&#8211; Sprachpr\u00e4ferenz-Cookies (\u00fcber TranslatePress)<br\/>&#8211; Analytics-Cookies (Google Analytics) <\/p>\n\n\n\n<p>Sie k\u00f6nnen Cookies \u00fcber Ihre Browsereinstellungen verwalten oder blockieren. Durch die Nutzung der Website erkl\u00e4ren Sie sich mit der Verwendung von Cookies einverstanden, sofern diese nicht deaktiviert sind. <\/p>\n\n\n\n<hr class=\"wp-block-separator has-alpha-channel-opacity\"\/>\n\n\n\n<h3 class=\"wp-block-heading\">8. Benachrichtigungen \u00fcber Ernennungen<\/h3>\n\n\n\n<p>Wir senden Terminbest\u00e4tigungen, Erinnerungen und Aktualisierungen \u00fcber:<br\/>&#8211; E-Mail<br\/>&#8211; SMS<br\/>&#8211; WhatsApp<\/p>\n\n\n\n<p>Wenn Sie einen Termin buchen, erkl\u00e4ren Sie sich damit einverstanden, diese Benachrichtigungen zu erhalten. Sie k\u00f6nnen sich jederzeit abmelden, indem Sie sich mit uns in Verbindung setzen. <\/p>\n\n\n\n<hr class=\"wp-block-separator has-alpha-channel-opacity\"\/>\n\n\n\n<h3 class=\"wp-block-heading\">9. Analytik und Website-Tools<\/h3>\n\n\n\n<p>Um unsere Website zu optimieren, verwenden wir die folgenden Tools:<br\/>&#8211; Verst\u00e4ndnis des Besucherverkehrs und der Nutzungsmuster<br\/>&#8211; \u00dcberwachung unserer Sichtbarkeit in Suchmaschinen<br\/>&#8211; Anzeige von Inhalten in mehreren Sprachen<br\/>&#8211; Verbesserung der Geschwindigkeit und Leistung der Website<\/p>\n\n\n\n<p>Einige dieser Tools verwenden m\u00f6glicherweise Cookies oder speichern anonyme technische Daten (wie den Browsertyp oder das verwendete Ger\u00e4t).<br\/>Es werden keine Massagebuchungs- oder Zahlungsinformationen an diese Dienste weitergegeben. Alle Daten werden sicher in der EU oder der Schweiz gehostet. <\/p>\n\n\n\n<hr class=\"wp-block-separator has-alpha-channel-opacity\"\/>\n\n\n\n<h3 class=\"wp-block-heading\">10. Hosting und Speicherort der Daten<\/h3>\n\n\n\n<p>Unsere Website wird bei Amazon Web Services (AWS) in Frankfurt, Deutschland, gehostet. Alle pers\u00f6nlichen Daten werden sicher innerhalb der Europ\u00e4ischen Union gespeichert. <\/p>\n\n\n\n<p>Wir \u00fcbermitteln Ihre Daten nicht au\u00dferhalb der Schweiz oder der EU, es sei denn, wir sind gesetzlich dazu verpflichtet oder Sie haben ausdr\u00fccklich zugestimmt.<\/p>\n\n\n\n<hr class=\"wp-block-separator has-alpha-channel-opacity\"\/>\n\n\n\n<h3 class=\"wp-block-heading\">11. Aufbewahrung von Daten<\/h3>\n\n\n\n<p>Wir bewahren Ihre personenbezogenen Daten so lange auf, wie es f\u00fcr die Erf\u00fcllung der in dieser Richtlinie genannten Zwecke erforderlich ist &#8211; in der Regel so lange, bis Sie die L\u00f6schung verlangen.<\/p>\n\n\n\n<p>Sie k\u00f6nnen sich jederzeit an uns wenden, um Ihre Daten l\u00f6schen zu lassen, es sei denn, die Speicherung ist aus rechtlichen oder steuerlichen Gr\u00fcnden erforderlich.<\/p>\n\n\n\n<hr class=\"wp-block-separator has-alpha-channel-opacity\"\/>\n\n\n\n<h3 class=\"wp-block-heading\">12. Dienstleistungen nur f\u00fcr Erwachsene<\/h3>\n\n\n\n<p>Unsere Massageservices werden nicht f\u00fcr Personen unter 16 Jahren angeboten. Wenn Sie unter 16 Jahre alt sind, nehmen Sie unsere Dienste bitte nicht in Anspruch.<br\/>Wir l\u00f6schen alle personenbezogenen Daten, die von Minderj\u00e4hrigen ohne die Zustimmung der Eltern erhoben wurden. <\/p>\n\n\n\n<hr class=\"wp-block-separator has-alpha-channel-opacity\"\/>\n\n\n\n<h3 class=\"wp-block-heading\">13. Ihre Wahlm\u00f6glichkeiten und Kontrollm\u00f6glichkeiten<\/h3>\n\n\n\n<p>Sie k\u00f6nnen:<br\/>&#8211; Terminerinnerungen per SMS, WhatsApp oder E-Mail abbestellen<br\/>&#8211; Cookies \u00fcber die Browser-Einstellungen kontrollieren oder blockieren<br\/>&#8211; Analyse-Tracking mit Browser-Erweiterungen oder Do Not Track-Funktionen deaktivieren<br\/>&#8211; Jederzeit Zugang, Korrektur oder L\u00f6schung Ihrer Daten verlangen<\/p>\n\n\n\n<hr class=\"wp-block-separator has-alpha-channel-opacity\"\/>\n\n\n\n<h3 class=\"wp-block-heading\">14. Kontaktinformationen<\/h3>\n\n\n\n<p>Wenn Sie Fragen zu dieser Datenschutzerkl\u00e4rung haben oder Ihre Datenrechte aus\u00fcben m\u00f6chten, wenden Sie sich bitte an:<\/p>\n\n\n\n<p><strong>E-Mail:<\/strong> <a>info@riyathaimassage.ch<\/a><br\/><strong>Telefon:<\/strong> +41 76 227 75 39<br\/><strong>Adresse:<\/strong> Schaffhauserstrasse 453, 8052 Z\u00fcrich<\/p>\n\n\n\n<hr class=\"wp-block-separator has-alpha-channel-opacity\"\/>\n\n\n\n<h3 class=\"wp-block-heading\">15. \u00c4nderungen an dieser Richtlinie<\/h3>\n\n\n\n<p>Wir k\u00f6nnen diese Datenschutzrichtlinie regelm\u00e4\u00dfig aktualisieren. \u00c4nderungen werden auf dieser Seite mit einem aktualisierten Datum des Inkrafttretens ver\u00f6ffentlicht.<br\/>Wir empfehlen Ihnen, diese Seite gelegentlich zu lesen, um auf dem Laufenden zu bleiben. <\/p>\n<\/div><\/div>\n\n<p><\/p>\n\n<div class=\"wp-block-uagb-container uagb-block-ed04248c alignfull uagb-is-root-container\"><\/div>\n","protected":false},"excerpt":{"rendered":"<p>1. Einf\u00fchrung Riya Thai Massage by Kusnirik (&#8222;wir&#8220;, &#8222;unser&#8220; oder &#8222;uns&#8220;) verpflichtet sich, Ihre Privatsph\u00e4re zu sch\u00fctzen. In dieser Datenschutzerkl\u00e4rung wird erl\u00e4utert, wie wir Ihre Daten erfassen, verwenden, weitergeben und sch\u00fctzen, wenn Sie unsere Website RiyaThaiMassage.ch besuchen oder unsere Dienstleistungen nutzen. 1.1 Rechtsgrundlage und anwendbares Recht Riya Thai Massage by Kusnirik h\u00e4lt sich an das [&hellip;]<\/p>\n","protected":false},"author":2,"featured_media":0,"parent":0,"menu_order":0,"comment_status":"closed","ping_status":"closed","template":"","meta":{"_uag_custom_page_level_css":"","site-sidebar-layout":"no-sidebar","site-content-layout":"page-builder","ast-site-content-layout":"full-width-container","site-content-style":"unboxed","site-sidebar-style":"unboxed","ast-global-header-display":"","ast-banner-title-visibility":"","ast-main-header-display":"","ast-hfb-above-header-display":"","ast-hfb-below-header-display":"","ast-hfb-mobile-header-display":"","site-post-title":"disabled","ast-breadcrumbs-content":"","ast-featured-img":"disabled","footer-sml-layout":"","ast-disable-related-posts":"","theme-transparent-header-meta":"enabled","adv-header-id-meta":"","stick-header-meta":"","header-above-stick-meta":"","header-main-stick-meta":"","header-below-stick-meta":"","astra-migrate-meta-layouts":"default","ast-page-background-enabled":"default","ast-page-background-meta":{"desktop":{"background-color":"var(--ast-global-color-4)","background-image":"","background-repeat":"repeat","background-position":"center center","background-size":"auto","background-attachment":"scroll","background-type":"","background-media":"","overlay-type":"","overlay-color":"","overlay-opacity":"","overlay-gradient":""},"tablet":{"background-color":"","background-image":"","background-repeat":"repeat","background-position":"center center","background-size":"auto","background-attachment":"scroll","background-type":"","background-media":"","overlay-type":"","overlay-color":"","overlay-opacity":"","overlay-gradient":""},"mobile":{"background-color":"","background-image":"","background-repeat":"repeat","background-position":"center center","background-size":"auto","background-attachment":"scroll","background-type":"","background-media":"","overlay-type":"","overlay-color":"","overlay-opacity":"","overlay-gradient":""}},"ast-content-background-meta":{"desktop":{"background-color":"var(--ast-global-color-5)","background-image":"","background-repeat":"repeat","background-position":"center center","background-size":"auto","background-attachment":"scroll","background-type":"","background-media":"","overlay-type":"","overlay-color":"","overlay-opacity":"","overlay-gradient":""},"tablet":{"background-color":"var(--ast-global-color-5)","background-image":"","background-repeat":"repeat","background-position":"center center","background-size":"auto","background-attachment":"scroll","background-type":"","background-media":"","overlay-type":"","overlay-color":"","overlay-opacity":"","overlay-gradient":""},"mobile":{"background-color":"var(--ast-global-color-5)","background-image":"","background-repeat":"repeat","background-position":"center center","background-size":"auto","background-attachment":"scroll","background-type":"","background-media":"","overlay-type":"","overlay-color":"","overlay-opacity":"","overlay-gradient":""}},"footnotes":""},"class_list":["post-3224","page","type-page","status-publish","hentry"],"uagb_featured_image_src":{"full":false,"thumbnail":false,"medium":false,"medium_large":false,"large":false,"1536x1536":false,"2048x2048":false},"uagb_author_info":{"display_name":"Daniel Kusnirik","author_link":"https:\/\/riyathaimassage.ch\/de\/author\/dankus\/"},"uagb_comment_info":0,"uagb_excerpt":"1. Einf\u00fchrung Riya Thai Massage by Kusnirik (&#8222;wir&#8220;, &#8222;unser&#8220; oder &#8222;uns&#8220;) verpflichtet sich, Ihre Privatsph\u00e4re zu sch\u00fctzen. In dieser Datenschutzerkl\u00e4rung wird erl\u00e4utert, wie wir Ihre Daten erfassen, verwenden, weitergeben und sch\u00fctzen, wenn Sie unsere Website RiyaThaiMassage.ch besuchen oder unsere Dienstleistungen nutzen. 1.1 Rechtsgrundlage und anwendbares Recht Riya Thai Massage by Kusnirik h\u00e4lt sich an das&hellip;","_links":{"self":[{"href":"https:\/\/riyathaimassage.ch\/de\/wp-json\/wp\/v2\/pages\/3224","targetHints":{"allow":["GET"]}}],"collection":[{"href":"https:\/\/riyathaimassage.ch\/de\/wp-json\/wp\/v2\/pages"}],"about":[{"href":"https:\/\/riyathaimassage.ch\/de\/wp-json\/wp\/v2\/types\/page"}],"author":[{"embeddable":true,"href":"https:\/\/riyathaimassage.ch\/de\/wp-json\/wp\/v2\/users\/2"}],"replies":[{"embeddable":true,"href":"https:\/\/riyathaimassage.ch\/de\/wp-json\/wp\/v2\/comments?post=3224"}],"version-history":[{"count":1,"href":"https:\/\/riyathaimassage.ch\/de\/wp-json\/wp\/v2\/pages\/3224\/revisions"}],"predecessor-version":[{"id":3225,"href":"https:\/\/riyathaimassage.ch\/de\/wp-json\/wp\/v2\/pages\/3224\/revisions\/3225"}],"wp:attachment":[{"href":"https:\/\/riyathaimassage.ch\/de\/wp-json\/wp\/v2\/media?parent=3224"}],"curies":[{"name":"wp","href":"https:\/\/api.w.org\/{rel}","templated":true}]}}