{"id":3229,"date":"2025-07-07T14:09:34","date_gmt":"2025-07-07T12:09:34","guid":{"rendered":"https:\/\/riyathaimassage.ch\/kontakt\/"},"modified":"2025-07-21T16:09:33","modified_gmt":"2025-07-21T14:09:33","slug":"kontakt","status":"publish","type":"page","link":"https:\/\/riyathaimassage.ch\/de\/kontakt\/","title":{"rendered":"Kontakt"},"content":{"rendered":"\n<div class=\"wp-block-uagb-container uagb-block-a6b158bc alignfull uagb-is-root-container\"><div class=\"uagb-container-inner-blocks-wrap\">\n<div class=\"wp-block-uagb-info-box uagb-block-7aa38b7e uagb-infobox__content-wrap  uagb-infobox-icon-above-title uagb-infobox-image-valign-top wp-block-uagb-info-box--has-margin\"><div class=\"uagb-infobox-margin-wrapper\"><div class=\"uagb-ifb-content\"><div class=\"uagb-ifb-title-wrap\"><h6 class=\"uagb-ifb-title-prefix\">KONTAKTIEREN SIE UNS<\/h6><h1 class=\"uagb-ifb-title\">Kontaktieren Sie uns<\/h1><\/div><\/div><\/div><\/div>\n<\/div><\/div>\n\n<div class=\"wp-block-uagb-container uagb-block-e213b380 alignfull uagb-is-root-container\"><div class=\"uagb-container-inner-blocks-wrap\">\n<div class=\"wp-block-uagb-container uagb-block-b0962c8c\">\n<div class=\"wp-block-uagb-info-box uagb-block-82e2e633 uagb-infobox__content-wrap  uagb-infobox-icon-above-title uagb-infobox-image-valign-top\"><div class=\"uagb-ifb-content\"><div class=\"uagb-ifb-title-wrap\"><h2 class=\"uagb-ifb-title\">Nehmen Sie Kontakt mit Riya Thai Massage auf.<\/h2><\/div><p class=\"uagb-ifb-desc\">Willkommen bei Ihrem Ziel f\u00fcr authentisches thail\u00e4ndisches Wohlbefinden in Z\u00fcrich.<br\/>Wir sind hier, um Ihnen zu helfen, sich in einer warmen, modernen<br\/>Umgebung zu entspannen und zu erholen.<\/p><\/div><\/div>\n\n\n\n<div class=\"wp-block-uagb-info-box uagb-block-fb6066bb uagb-infobox__content-wrap  uagb-infobox-icon-left uagb-infobox-left uagb-infobox-image-valign-top\"><div class=\"uagb-ifb-icon-wrap\"><svg xmlns=\"https:\/\/www.w3.org\/2000\/svg\" viewbox=\"0 0 384 512\"><path d=\"M168.3 499.2C116.1 435 0 279.4 0 192C0 85.96 85.96 0 192 0C298 0 384 85.96 384 192C384 279.4 267 435 215.7 499.2C203.4 514.5 180.6 514.5 168.3 499.2H168.3zM192 256C227.3 256 256 227.3 256 192C256 156.7 227.3 128 192 128C156.7 128 128 156.7 128 192C128 227.3 156.7 256 192 256z\"><\/path><\/svg><\/div><div class=\"uagb-ifb-content\"><div class=\"uagb-ifb-title-wrap\"><h6 class=\"uagb-ifb-title\">UNSER STANDORT<\/h6><\/div><p class=\"uagb-ifb-desc\">Riya Thai Massage by Kusnirik<br\/>Schaffhauserstrasse 453<br\/>8052 Z\u00fcrich, Schweiz<\/p><div class=\"uagb-ifb-separator\"><\/div><\/div><\/div>\n\n\n\n<div class=\"wp-block-uagb-container uagb-block-64a0adaf\">\n<div class=\"wp-block-uagb-info-box uagb-block-16fc9c19 uagb-infobox__content-wrap  uagb-infobox-icon-left uagb-infobox-left uagb-infobox-image-valign-top\"><div class=\"uagb-ifb-icon-wrap\"><svg xmlns=\"https:\/\/www.w3.org\/2000\/svg\" viewbox=\"0 0 512 512\"><path d=\"M256 512C114.6 512 0 397.4 0 256C0 114.6 114.6 0 256 0C397.4 0 512 114.6 512 256C512 397.4 397.4 512 256 512zM232 256C232 264 236 271.5 242.7 275.1L338.7 339.1C349.7 347.3 364.6 344.3 371.1 333.3C379.3 322.3 376.3 307.4 365.3 300L280 243.2V120C280 106.7 269.3 96 255.1 96C242.7 96 231.1 106.7 231.1 120L232 256z\"><\/path><\/svg><\/div><div class=\"uagb-ifb-content\"><div class=\"uagb-ifb-title-wrap\"><h6 class=\"uagb-ifb-title\">\u00d6FFNUNGSZEITEN<\/h6><\/div><p class=\"uagb-ifb-desc\"><strong>Montag-Sonntag:<\/strong><br\/>10:00-20:00<br\/>(Der letzte Termin beginnt um 19:00)<br\/><br\/>Feiertagszeiten werden im Voraus auf unserer Website bekannt gegeben und<\/p><div class=\"uagb-ifb-separator\"><\/div><\/div><\/div>\n\n\n\n<div class=\"wp-block-uagb-info-box uagb-block-dba64614 uagb-infobox__content-wrap  uagb-infobox-icon-left uagb-infobox-left uagb-infobox-image-valign-top\"><div class=\"uagb-ifb-icon-wrap\"><svg xmlns=\"https:\/\/www.w3.org\/2000\/svg\" viewbox=\"0 0 576 512\"><path d=\"M495.5 223.2C491.6 223.7 487.6 224 483.4 224C457.4 224 434.2 212.6 418.3 195C402.4 212.6 379.2 224 353.1 224C327 224 303.8 212.6 287.9 195C272 212.6 248.9 224 222.7 224C196.7 224 173.5 212.6 157.6 195C141.7 212.6 118.5 224 92.36 224C88.3 224 84.21 223.7 80.24 223.2C24.92 215.8-1.255 150.6 28.33 103.8L85.66 13.13C90.76 4.979 99.87 0 109.6 0H466.4C476.1 0 485.2 4.978 490.3 13.13L547.6 103.8C577.3 150.7 551 215.8 495.5 223.2H495.5zM499.7 254.9C503.1 254.4 508 253.6 512 252.6V448C512 483.3 483.3 512 448 512H128C92.66 512 64 483.3 64 448V252.6C67.87 253.6 71.86 254.4 75.97 254.9L76.09 254.9C81.35 255.6 86.83 256 92.36 256C104.8 256 116.8 254.1 128 250.6V384H448V250.7C459.2 254.1 471.1 256 483.4 256C489 256 494.4 255.6 499.7 254.9L499.7 254.9z\"><\/path><\/svg><\/div><div class=\"uagb-ifb-content\"><div class=\"uagb-ifb-title-wrap\"><h6 class=\"uagb-ifb-title\">KONTAKT Details<\/h6><\/div><p class=\"uagb-ifb-desc\"><strong>Telefon &amp; WhatsApp<\/strong><br\/>+41 76 227 75 39<br\/><br\/><strong>E-Mail:<\/strong><br\/>info@riyathaimassage.ch<\/p><\/div><\/div>\n<\/div>\n<\/div>\n\n\n\n<div class=\"wp-block-uagb-container uagb-block-83fae13e\">\n<div class=\"wp-block-uagb-info-box uagb-block-818fdbd2 uagb-infobox__content-wrap  uagb-infobox-icon-above-title uagb-infobox-image-valign-top\"><div class=\"uagb-ifb-content\"><div class=\"uagb-ifb-title-wrap\"><\/div><div class=\"uagb-ifb-separator\"><\/div><\/div><\/div>\n\n\n\n<div class=\"wp-block-uagb-info-box uagb-block-7c2dd855 uagb-infobox__content-wrap  uagb-infobox-icon-left uagb-infobox-left uagb-infobox-image-valign-top\"><div class=\"uagb-ifb-icon-wrap\"><svg xmlns=\"https:\/\/www.w3.org\/2000\/svg\" viewbox=\"0 0 576 512\"><path d=\"M408 120C408 174.6 334.9 271.9 302.8 311.1C295.1 321.6 280.9 321.6 273.2 311.1C241.1 271.9 168 174.6 168 120C168 53.73 221.7 0 288 0C354.3 0 408 53.73 408 120zM288 152C310.1 152 328 134.1 328 112C328 89.91 310.1 72 288 72C265.9 72 248 89.91 248 112C248 134.1 265.9 152 288 152zM425.6 179.8C426.1 178.6 426.6 177.4 427.1 176.1L543.1 129.7C558.9 123.4 576 135 576 152V422.8C576 432.6 570 441.4 560.9 445.1L416 503V200.4C419.5 193.5 422.7 186.7 425.6 179.8zM150.4 179.8C153.3 186.7 156.5 193.5 160 200.4V451.8L32.91 502.7C17.15 508.1 0 497.4 0 480.4V209.6C0 199.8 5.975 190.1 15.09 187.3L137.6 138.3C140 152.5 144.9 166.6 150.4 179.8H150.4zM327.8 331.1C341.7 314.6 363.5 286.3 384 255V504.3L192 449.4V255C212.5 286.3 234.3 314.6 248.2 331.1C268.7 357.6 307.3 357.6 327.8 331.1L327.8 331.1z\"><\/path><\/svg><\/div><div class=\"uagb-ifb-content\"><div class=\"uagb-ifb-title-wrap\"><h6 class=\"uagb-ifb-title\">WIE MAN DORTHIN KOMMT<\/h6><\/div><p class=\"uagb-ifb-desc\"><strong>Vom Stadtzentrum Z\u00fcrich<br\/><\/strong>S-Bahn (S3, S5, S6, S7, S11, S15) \u2192 Oerlikon<br\/>8 Minuten Fussweg vom Bahnhof Oerlikon<br\/><br\/><strong>Vom Flughafen Z\u00fcrich<br\/><\/strong>15 Minuten Zugfahrt nach Oerlikon<br\/>10 Minuten Taxi \u00fcber die A51<br\/><br\/><strong>Mit den \u00f6ffentlichen Verkehrsmitteln<br\/><\/strong>Ausgezeichnete Verbindungen zum Bahnhof Oerlikon<br\/>Mehrere Buslinien bedienen die Gegend<\/p><\/div><\/div>\n\n\n\t\t\t<div \n\t\t\tclass=\"wp-block-uagb-google-map uagb-google-map__wrap uagb-block-5bd5c984     \"\n\t\t\tstyle=\"\" >\n\t\t\t\t<embed\n\t\t\t\t\tclass=\"uagb-google-map__iframe\"\n\t\t\t\t\ttitle=\"Google Map for \"\n\t\t\t\t\tsrc=\"https:\/\/maps.google.com\/maps?q=Schaffhauserstrasse%20453%2C%208052%20Z%C3%BCrich&#038;z=12&#038;hl=en&#038;t=m&#038;output=embed&#038;iwloc=near\"\n\t\t\t\t\twidth=\"640\"\n\t\t\t\t\theight=\"480\"\n\t\t\t\t\tloading=\"lazy\"\n\t\t\t\t><\/embed>\n\t\t\t<\/div>\n\t\t\t<\/div>\n<\/div><\/div>\n\n<div class=\"wp-block-uagb-container uagb-block-ed04248c alignfull uagb-is-root-container\"><\/div>\n","protected":false},"excerpt":{"rendered":"","protected":false},"author":2,"featured_media":0,"parent":0,"menu_order":0,"comment_status":"closed","ping_status":"closed","template":"","meta":{"_uag_custom_page_level_css":"","site-sidebar-layout":"no-sidebar","site-content-layout":"page-builder","ast-site-content-layout":"full-width-container","site-content-style":"unboxed","site-sidebar-style":"unboxed","ast-global-header-display":"","ast-banner-title-visibility":"","ast-main-header-display":"","ast-hfb-above-header-display":"","ast-hfb-below-header-display":"","ast-hfb-mobile-header-display":"","site-post-title":"disabled","ast-breadcrumbs-content":"","ast-featured-img":"disabled","footer-sml-layout":"","ast-disable-related-posts":"","theme-transparent-header-meta":"enabled","adv-header-id-meta":"","stick-header-meta":"","header-above-stick-meta":"","header-main-stick-meta":"","header-below-stick-meta":"","astra-migrate-meta-layouts":"default","ast-page-background-enabled":"default","ast-page-background-meta":{"desktop":{"background-color":"var(--ast-global-color-4)","background-image":"","background-repeat":"repeat","background-position":"center center","background-size":"auto","background-attachment":"scroll","background-type":"","background-media":"","overlay-type":"","overlay-color":"","overlay-opacity":"","overlay-gradient":""},"tablet":{"background-color":"","background-image":"","background-repeat":"repeat","background-position":"center center","background-size":"auto","background-attachment":"scroll","background-type":"","background-media":"","overlay-type":"","overlay-color":"","overlay-opacity":"","overlay-gradient":""},"mobile":{"background-color":"","background-image":"","background-repeat":"repeat","background-position":"center center","background-size":"auto","background-attachment":"scroll","background-type":"","background-media":"","overlay-type":"","overlay-color":"","overlay-opacity":"","overlay-gradient":""}},"ast-content-background-meta":{"desktop":{"background-color":"var(--ast-global-color-5)","background-image":"","background-repeat":"repeat","background-position":"center center","background-size":"auto","background-attachment":"scroll","background-type":"","background-media":"","overlay-type":"","overlay-color":"","overlay-opacity":"","overlay-gradient":""},"tablet":{"background-color":"var(--ast-global-color-5)","background-image":"","background-repeat":"repeat","background-position":"center center","background-size":"auto","background-attachment":"scroll","background-type":"","background-media":"","overlay-type":"","overlay-color":"","overlay-opacity":"","overlay-gradient":""},"mobile":{"background-color":"var(--ast-global-color-5)","background-image":"","background-repeat":"repeat","background-position":"center center","background-size":"auto","background-attachment":"scroll","background-type":"","background-media":"","overlay-type":"","overlay-color":"","overlay-opacity":"","overlay-gradient":""}},"footnotes":""},"class_list":["post-3229","page","type-page","status-publish","hentry"],"uagb_featured_image_src":{"full":false,"thumbnail":false,"medium":false,"medium_large":false,"large":false,"1536x1536":false,"2048x2048":false},"uagb_author_info":{"display_name":"Daniel Kusnirik","author_link":"https:\/\/riyathaimassage.ch\/de\/author\/dankus\/"},"uagb_comment_info":0,"uagb_excerpt":null,"_links":{"self":[{"href":"https:\/\/riyathaimassage.ch\/de\/wp-json\/wp\/v2\/pages\/3229","targetHints":{"allow":["GET"]}}],"collection":[{"href":"https:\/\/riyathaimassage.ch\/de\/wp-json\/wp\/v2\/pages"}],"about":[{"href":"https:\/\/riyathaimassage.ch\/de\/wp-json\/wp\/v2\/types\/page"}],"author":[{"embeddable":true,"href":"https:\/\/riyathaimassage.ch\/de\/wp-json\/wp\/v2\/users\/2"}],"replies":[{"embeddable":true,"href":"https:\/\/riyathaimassage.ch\/de\/wp-json\/wp\/v2\/comments?post=3229"}],"version-history":[{"count":6,"href":"https:\/\/riyathaimassage.ch\/de\/wp-json\/wp\/v2\/pages\/3229\/revisions"}],"predecessor-version":[{"id":3242,"href":"https:\/\/riyathaimassage.ch\/de\/wp-json\/wp\/v2\/pages\/3229\/revisions\/3242"}],"wp:attachment":[{"href":"https:\/\/riyathaimassage.ch\/de\/wp-json\/wp\/v2\/media?parent=3229"}],"curies":[{"name":"wp","href":"https:\/\/api.w.org\/{rel}","templated":true}]}}